{"id":7737,"date":"2024-02-07T21:10:10","date_gmt":"2024-02-07T21:10:10","guid":{"rendered":"https:\/\/startersites.io\/elementor\/garderobe\/?page_id=3072"},"modified":"2025-05-23T11:44:44","modified_gmt":"2025-05-23T16:44:44","slug":"home-2","status":"publish","type":"page","link":"https:\/\/colcintex.com\/colcintex\/","title":{"rendered":"Home"},"content":{"rendered":"\t\t<div data-elementor-type=\"wp-page\" data-elementor-id=\"7737\" class=\"elementor elementor-7737\" data-elementor-post-type=\"page\">\n\t\t\t\t<div class=\"elementor-element elementor-element-134e549 e-flex e-con-boxed e-con e-parent\" data-id=\"134e549\" data-element_type=\"container\" data-settings=\"{&quot;background_background&quot;:&quot;classic&quot;}\">\n\t\t\t\t\t<div class=\"e-con-inner\">\n\t\t<div class=\"elementor-element elementor-element-925abe6 e-con-full e-flex e-con e-child\" data-id=\"925abe6\" data-element_type=\"container\">\n\t\t<div class=\"elementor-element elementor-element-d350059 e-con-full e-flex e-con e-child\" data-id=\"d350059\" data-element_type=\"container\">\n\t\t\t\t<div class=\"elementor-element elementor-element-5300bc8 elementor-widget elementor-widget-heading\" data-id=\"5300bc8\" data-element_type=\"widget\" data-widget_type=\"heading.default\">\n\t\t\t\t<div class=\"elementor-widget-container\">\n\t\t\t\t\t<h2 class=\"elementor-heading-title elementor-size-default\">Conoce nuestras hermosas cintas decorativas<\/h2>\t\t\t\t<\/div>\n\t\t\t\t<\/div>\n\t\t\t\t<div class=\"elementor-element elementor-element-d34244a elementor-widget elementor-widget-button\" data-id=\"d34244a\" data-element_type=\"widget\" data-widget_type=\"button.default\">\n\t\t\t\t<div class=\"elementor-widget-container\">\n\t\t\t\t\t\t\t\t\t<div class=\"elementor-button-wrapper\">\n\t\t\t\t\t<a class=\"elementor-button elementor-button-link elementor-size-sm\" href=\"https:\/\/colcintex.com\/colcintex\/compra-al-por-mayor\/products\/\">\n\t\t\t\t\t\t<span class=\"elementor-button-content-wrapper\">\n\t\t\t\t\t\t\t\t\t<span class=\"elementor-button-text\">Comprar ahora<\/span>\n\t\t\t\t\t<\/span>\n\t\t\t\t\t<\/a>\n\t\t\t\t<\/div>\n\t\t\t\t\t\t\t\t<\/div>\n\t\t\t\t<\/div>\n\t\t\t\t<\/div>\n\t\t\t\t<\/div>\n\t\t<div class=\"elementor-element elementor-element-60af3dc e-con-full e-flex e-con e-child\" data-id=\"60af3dc\" data-element_type=\"container\" data-settings=\"{&quot;background_background&quot;:&quot;classic&quot;}\">\n\t\t\t\t<div class=\"elementor-element elementor-element-f83b792 elementor-widget elementor-widget-image\" data-id=\"f83b792\" data-element_type=\"widget\" data-widget_type=\"image.default\">\n\t\t\t\t<div class=\"elementor-widget-container\">\n\t\t\t\t\t\t\t\t\t\t\t\t\t\t\t<img fetchpriority=\"high\" decoding=\"async\" width=\"527\" height=\"410\" src=\"https:\/\/colcintex.com\/colcintex\/wp-content\/uploads\/2025\/05\/hero_colcintex.png\" class=\"attachment-large size-large wp-image-7833\" alt=\"\" srcset=\"https:\/\/colcintex.com\/colcintex\/wp-content\/uploads\/2025\/05\/hero_colcintex.png 527w, https:\/\/colcintex.com\/colcintex\/wp-content\/uploads\/2025\/05\/hero_colcintex-300x233.png 300w\" sizes=\"(max-width: 527px) 100vw, 527px\" \/>\t\t\t\t\t\t\t\t\t\t\t\t\t\t\t<\/div>\n\t\t\t\t<\/div>\n\t\t\t\t<\/div>\n\t\t\t\t\t<\/div>\n\t\t\t\t<\/div>\n\t\t<div class=\"elementor-element elementor-element-ebb6c92 e-flex e-con-boxed e-con e-parent\" data-id=\"ebb6c92\" data-element_type=\"container\">\n\t\t\t\t\t<div class=\"e-con-inner\">\n\t\t\t\t<div class=\"elementor-element elementor-element-8d4864d elementor-widget elementor-widget-heading\" data-id=\"8d4864d\" data-element_type=\"widget\" data-widget_type=\"heading.default\">\n\t\t\t\t<div class=\"elementor-widget-container\">\n\t\t\t\t\t<h2 class=\"elementor-heading-title elementor-size-default\">\u00bfComprar al detal o al por mayor?<\/h2>\t\t\t\t<\/div>\n\t\t\t\t<\/div>\n\t\t\t\t<div class=\"elementor-element elementor-element-a910f59 elementor-widget elementor-widget-text-editor\" data-id=\"a910f59\" data-element_type=\"widget\" data-widget_type=\"text-editor.default\">\n\t\t\t\t<div class=\"elementor-widget-container\">\n\t\t\t\t\t\t\t\t\t<p><span class=\"_fadeIn_m1hgl_8\">Antes <\/span><span class=\"_fadeIn_m1hgl_8\">de <\/span><span class=\"_fadeIn_m1hgl_8\">realizar <\/span><span class=\"_fadeIn_m1hgl_8\">tu <\/span><span class=\"_fadeIn_m1hgl_8\">compra, <\/span><span class=\"_fadeIn_m1hgl_8\">aseg\u00farate <\/span><span class=\"_fadeIn_m1hgl_8\">de <\/span><span class=\"_fadeIn_m1hgl_8\">estar <\/span><span class=\"_fadeIn_m1hgl_8\">en <\/span><span class=\"_fadeIn_m1hgl_8\">el <\/span><span class=\"_fadeIn_m1hgl_8\">cat\u00e1logo <\/span><span class=\"_fadeIn_m1hgl_8\">correcto.<\/span><br data-start=\"235\" data-end=\"238\" \/><span class=\"_fadeIn_m1hgl_8\">As\u00ed <\/span><span class=\"_fadeIn_m1hgl_8\">evitamos <\/span><span class=\"_fadeIn_m1hgl_8\">confusiones <\/span><span class=\"_fadeIn_m1hgl_8\">y <\/span><span class=\"_fadeIn_m1hgl_8\">te <\/span><span class=\"_fadeIn_m1hgl_8\">aseguras <\/span><span class=\"_fadeIn_m1hgl_8\">de <\/span><span class=\"_fadeIn_m1hgl_8\">recibir <\/span><span class=\"_fadeIn_m1hgl_8\">los <\/span><span class=\"_fadeIn_m1hgl_8\">mejores <\/span><span class=\"_fadeIn_m1hgl_8\">descuentos <\/span><span class=\"_fadeIn_m1hgl_8\">para ti.<\/span><\/p>\t\t\t\t\t\t\t\t<\/div>\n\t\t\t\t<\/div>\n\t\t\t\t\t<\/div>\n\t\t\t\t<\/div>\n\t\t\t\t<section class=\"elementor-section elementor-top-section elementor-element elementor-element-562112e elementor-section-boxed elementor-section-height-default elementor-section-height-default\" data-id=\"562112e\" data-element_type=\"section\">\n\t\t\t\t\t\t<div class=\"elementor-container elementor-column-gap-default\">\n\t\t\t\t\t<div class=\"elementor-column elementor-col-50 elementor-top-column elementor-element elementor-element-a75e519 animated-slow elementor-invisible\" data-id=\"a75e519\" data-element_type=\"column\" data-settings=\"{&quot;background_background&quot;:&quot;classic&quot;,&quot;animation&quot;:&quot;fadeIn&quot;}\">\n\t\t\t<div class=\"elementor-widget-wrap elementor-element-populated\">\n\t\t\t\t\t\t<div class=\"elementor-element elementor-element-d61a184 elementor-view-default elementor-position-top elementor-mobile-position-top elementor-widget elementor-widget-icon-box\" data-id=\"d61a184\" data-element_type=\"widget\" data-widget_type=\"icon-box.default\">\n\t\t\t\t<div class=\"elementor-widget-container\">\n\t\t\t\t\t\t\t<div class=\"elementor-icon-box-wrapper\">\n\n\t\t\t\t\t\t<div class=\"elementor-icon-box-icon\">\n\t\t\t\t<a href=\"https:\/\/colcintex.com\/colcintex\/compra-al-por-mayor\/products\/\" class=\"elementor-icon\" tabindex=\"-1\" aria-label=\"\u00bfEres mayorista o tienda?\">\n\t\t\t\t<i aria-hidden=\"true\" class=\"fas fa-boxes\"><\/i>\t\t\t\t<\/a>\n\t\t\t<\/div>\n\t\t\t\n\t\t\t\t\t\t<div class=\"elementor-icon-box-content\">\n\n\t\t\t\t\t\t\t\t\t<h3 class=\"elementor-icon-box-title\">\n\t\t\t\t\t\t<a href=\"https:\/\/colcintex.com\/colcintex\/compra-al-por-mayor\/products\/\" >\n\t\t\t\t\t\t\t\u00bfEres mayorista o tienda?\t\t\t\t\t\t<\/a>\n\t\t\t\t\t<\/h3>\n\t\t\t\t\n\t\t\t\t\t\t\t\t\t<p class=\"elementor-icon-box-description\">\n\t\t\t\t\t\tCatalogo para mayoristas, compras superiores a $1.00.000 COP\t\t\t\t\t<\/p>\n\t\t\t\t\n\t\t\t<\/div>\n\t\t\t\n\t\t<\/div>\n\t\t\t\t\t\t<\/div>\n\t\t\t\t<\/div>\n\t\t\t\t<div class=\"elementor-element elementor-element-c383176 elementor-align-center elementor-widget elementor-widget-button\" data-id=\"c383176\" data-element_type=\"widget\" data-widget_type=\"button.default\">\n\t\t\t\t<div class=\"elementor-widget-container\">\n\t\t\t\t\t\t\t\t\t<div class=\"elementor-button-wrapper\">\n\t\t\t\t\t<a class=\"elementor-button elementor-button-link elementor-size-sm\" href=\"https:\/\/colcintex.com\/colcintex\/compra-al-por-mayor\/products\/\">\n\t\t\t\t\t\t<span class=\"elementor-button-content-wrapper\">\n\t\t\t\t\t\t\t\t\t<span class=\"elementor-button-text\">Ir al c\u00e1talogo<\/span>\n\t\t\t\t\t<\/span>\n\t\t\t\t\t<\/a>\n\t\t\t\t<\/div>\n\t\t\t\t\t\t\t\t<\/div>\n\t\t\t\t<\/div>\n\t\t\t\t\t<\/div>\n\t\t<\/div>\n\t\t\t\t<div class=\"elementor-column elementor-col-50 elementor-top-column elementor-element elementor-element-ab95977 animated-slow elementor-invisible\" data-id=\"ab95977\" data-element_type=\"column\" data-settings=\"{&quot;animation&quot;:&quot;fadeIn&quot;}\">\n\t\t\t<div class=\"elementor-widget-wrap elementor-element-populated\">\n\t\t\t\t\t\t<div class=\"elementor-element elementor-element-4532fc5 elementor-view-default elementor-position-top elementor-mobile-position-top elementor-widget elementor-widget-icon-box\" data-id=\"4532fc5\" data-element_type=\"widget\" data-widget_type=\"icon-box.default\">\n\t\t\t\t<div class=\"elementor-widget-container\">\n\t\t\t\t\t\t\t<div class=\"elementor-icon-box-wrapper\">\n\n\t\t\t\t\t\t<div class=\"elementor-icon-box-icon\">\n\t\t\t\t<a href=\"https:\/\/colcintex.com\/colcintex\/products\/\" class=\"elementor-icon\" tabindex=\"-1\" aria-label=\"Solo compro para mi\">\n\t\t\t\t<i aria-hidden=\"true\" class=\"far fa-laugh-wink\"><\/i>\t\t\t\t<\/a>\n\t\t\t<\/div>\n\t\t\t\n\t\t\t\t\t\t<div class=\"elementor-icon-box-content\">\n\n\t\t\t\t\t\t\t\t\t<h3 class=\"elementor-icon-box-title\">\n\t\t\t\t\t\t<a href=\"https:\/\/colcintex.com\/colcintex\/products\/\" >\n\t\t\t\t\t\t\tSolo compro para mi\t\t\t\t\t\t<\/a>\n\t\t\t\t\t<\/h3>\n\t\t\t\t\n\t\t\t\t\t\t\t\t\t<p class=\"elementor-icon-box-description\">\n\t\t\t\t\t\tCatalogo al detal, para compras superiores a $50.000 COP \t\t\t\t\t<\/p>\n\t\t\t\t\n\t\t\t<\/div>\n\t\t\t\n\t\t<\/div>\n\t\t\t\t\t\t<\/div>\n\t\t\t\t<\/div>\n\t\t\t\t<div class=\"elementor-element elementor-element-ef82c00 elementor-align-center elementor-widget elementor-widget-button\" data-id=\"ef82c00\" data-element_type=\"widget\" data-widget_type=\"button.default\">\n\t\t\t\t<div class=\"elementor-widget-container\">\n\t\t\t\t\t\t\t\t\t<div class=\"elementor-button-wrapper\">\n\t\t\t\t\t<a class=\"elementor-button elementor-button-link elementor-size-sm\" href=\"https:\/\/colcintex.com\/colcintex\/products\/\">\n\t\t\t\t\t\t<span class=\"elementor-button-content-wrapper\">\n\t\t\t\t\t\t\t\t\t<span class=\"elementor-button-text\">Ir al c\u00e1talogo<\/span>\n\t\t\t\t\t<\/span>\n\t\t\t\t\t<\/a>\n\t\t\t\t<\/div>\n\t\t\t\t\t\t\t\t<\/div>\n\t\t\t\t<\/div>\n\t\t\t\t\t<\/div>\n\t\t<\/div>\n\t\t\t\t\t<\/div>\n\t\t<\/section>\n\t\t<div class=\"elementor-element elementor-element-bf3cb0a e-flex e-con-boxed e-con e-parent\" data-id=\"bf3cb0a\" data-element_type=\"container\">\n\t\t\t\t\t<div class=\"e-con-inner\">\n\t\t<div class=\"elementor-element elementor-element-61821e0 e-con-full e-flex e-con e-child\" data-id=\"61821e0\" data-element_type=\"container\">\n\t\t\t\t<div class=\"elementor-element elementor-element-5790a11 elementor-widget elementor-widget-heading\" data-id=\"5790a11\" data-element_type=\"widget\" data-widget_type=\"heading.default\">\n\t\t\t\t<div class=\"elementor-widget-container\">\n\t\t\t\t\t<p class=\"elementor-heading-title elementor-size-default\">Condiciones generales al por mayor<\/p>\t\t\t\t<\/div>\n\t\t\t\t<\/div>\n\t\t\t\t<div class=\"elementor-element elementor-element-0575886 elementor-widget elementor-widget-text-editor\" data-id=\"0575886\" data-element_type=\"widget\" data-widget_type=\"text-editor.default\">\n\t\t\t\t<div class=\"elementor-widget-container\">\n\t\t\t\t\t\t\t\t\t<ul><li>\u261d\ufe0f Compra m\u00ednima $1.000.000 COP.<\/li><\/ul><div>\u00a0<\/div><ul><li>\ud83d\udccd <strong>Env\u00edo gratis<\/strong><\/li><\/ul><div>\u00a0<\/div><ul><li>\ud83c\udf89 Por compras de $1.000.000 a $3.000.000 obt\u00e9n<b> 20% DCTO<\/b>\u00a0en categor\u00edas &#8220;solidas&#8221; y <b>30% DCTO<\/b> en otras categor\u00edas<\/li><\/ul>\t\t\t\t\t\t\t\t<\/div>\n\t\t\t\t<\/div>\n\t\t\t\t<\/div>\n\t\t<div class=\"elementor-element elementor-element-77273c4 e-con-full e-flex e-con e-child\" data-id=\"77273c4\" data-element_type=\"container\">\n\t\t\t\t<div class=\"elementor-element elementor-element-4d9e18d elementor-hidden-desktop elementor-hidden-tablet elementor-widget elementor-widget-spacer\" data-id=\"4d9e18d\" data-element_type=\"widget\" data-widget_type=\"spacer.default\">\n\t\t\t\t<div class=\"elementor-widget-container\">\n\t\t\t\t\t\t\t<div class=\"elementor-spacer\">\n\t\t\t<div class=\"elementor-spacer-inner\"><\/div>\n\t\t<\/div>\n\t\t\t\t\t\t<\/div>\n\t\t\t\t<\/div>\n\t\t\t\t<div class=\"elementor-element elementor-element-1395fcc elementor-widget elementor-widget-heading\" data-id=\"1395fcc\" data-element_type=\"widget\" data-widget_type=\"heading.default\">\n\t\t\t\t<div class=\"elementor-widget-container\">\n\t\t\t\t\t<p class=\"elementor-heading-title elementor-size-default\">Condiciones generales al detal<\/p>\t\t\t\t<\/div>\n\t\t\t\t<\/div>\n\t\t\t\t<div class=\"elementor-element elementor-element-bbd0b5b elementor-widget elementor-widget-text-editor\" data-id=\"bbd0b5b\" data-element_type=\"widget\" data-widget_type=\"text-editor.default\">\n\t\t\t\t<div class=\"elementor-widget-container\">\n\t\t\t\t\t\t\t\t\t<ul><li>\u00a0\u261d\ufe0f Compra m\u00ednima $50.000 COP.<\/li><\/ul><div>\u00a0<\/div><ul><li>\ud83d\udccd <strong>Env\u00edo gratis<\/strong> si tu compra es igual o superior a $250.000.<\/li><\/ul><div>\u00a0<\/div><ul><li>\ud83d\udcab <b>10% DCTO <\/b>en compras a partir de $251.000<\/li><\/ul><div>\u00a0<\/div><ul><li>\ud83c\udf89 Por compras de $501.000 a $1.000.000 obt\u00e9n <b>15% DCTO<\/b>\u00a0en categor\u00edas &#8220;solidas&#8221; y <b>20% DCTO<\/b> en otras categor\u00edas<\/li><\/ul>\t\t\t\t\t\t\t\t<\/div>\n\t\t\t\t<\/div>\n\t\t\t\t<\/div>\n\t\t\t\t\t<\/div>\n\t\t\t\t<\/div>\n\t\t<div class=\"elementor-element elementor-element-f8ef98e e-flex e-con-boxed e-con e-parent\" data-id=\"f8ef98e\" data-element_type=\"container\">\n\t\t\t\t\t<div class=\"e-con-inner\">\n\t\t\t\t<div class=\"elementor-element elementor-element-a7fc08d elementor-widget elementor-widget-spacer\" data-id=\"a7fc08d\" data-element_type=\"widget\" data-widget_type=\"spacer.default\">\n\t\t\t\t<div class=\"elementor-widget-container\">\n\t\t\t\t\t\t\t<div class=\"elementor-spacer\">\n\t\t\t<div class=\"elementor-spacer-inner\"><\/div>\n\t\t<\/div>\n\t\t\t\t\t\t<\/div>\n\t\t\t\t<\/div>\n\t\t\t\t\t<\/div>\n\t\t\t\t<\/div>\n\t\t<div class=\"elementor-element elementor-element-f932cc4 e-flex e-con-boxed e-con e-parent\" data-id=\"f932cc4\" data-element_type=\"container\">\n\t\t\t\t\t<div class=\"e-con-inner\">\n\t\t<div class=\"elementor-element elementor-element-a5a781f e-con-full e-flex e-con e-child\" data-id=\"a5a781f\" data-element_type=\"container\" data-settings=\"{&quot;background_background&quot;:&quot;classic&quot;}\">\n\t\t\t\t<div class=\"elementor-element elementor-element-e46fa57 elementor-widget elementor-widget-heading\" data-id=\"e46fa57\" data-element_type=\"widget\" data-widget_type=\"heading.default\">\n\t\t\t\t<div class=\"elementor-widget-container\">\n\t\t\t\t\t<h2 class=\"elementor-heading-title elementor-size-default\">Marca 100% colombiana\n<\/h2>\t\t\t\t<\/div>\n\t\t\t\t<\/div>\n\t\t\t\t<div class=\"elementor-element elementor-element-532a982 elementor-widget elementor-widget-text-editor\" data-id=\"532a982\" data-element_type=\"widget\" data-widget_type=\"text-editor.default\">\n\t\t\t\t<div class=\"elementor-widget-container\">\n\t\t\t\t\t\t\t\t\t<div data-block=\"true\" data-editor=\"b63de\" data-offset-key=\"39evv-0-0\"><div data-offset-key=\"39evv-0-0\">Fabrica Colombiana de cintas decorativas desde 1988.<\/div><\/div><div data-offset-key=\"39evv-0-0\">\u00a0<\/div><div data-offset-key=\"39evv-0-0\">Venta al detal y por mayor de cintas para Mo\u00f1os y cintas decorativas para regalos, fiestas, eventos y m\u00e1s!<\/div>\t\t\t\t\t\t\t\t<\/div>\n\t\t\t\t<\/div>\n\t\t\t\t<\/div>\n\t\t\t\t<div class=\"elementor-element elementor-element-c79bd15 elementor-widget__width-initial elementor-widget-tablet__width-inherit elementor-widget elementor-widget-image\" data-id=\"c79bd15\" data-element_type=\"widget\" data-widget_type=\"image.default\">\n\t\t\t\t<div class=\"elementor-widget-container\">\n\t\t\t\t\t\t\t\t\t\t\t\t\t\t\t<img decoding=\"async\" width=\"1024\" height=\"1024\" src=\"https:\/\/colcintex.com\/colcintex\/wp-content\/uploads\/2025\/05\/imagen_hero.png\" class=\"attachment-full size-full wp-image-7683\" alt=\"\" srcset=\"https:\/\/colcintex.com\/colcintex\/wp-content\/uploads\/2025\/05\/imagen_hero.png 1024w, https:\/\/colcintex.com\/colcintex\/wp-content\/uploads\/2025\/05\/imagen_hero-300x300.png 300w, https:\/\/colcintex.com\/colcintex\/wp-content\/uploads\/2025\/05\/imagen_hero-150x150.png 150w, https:\/\/colcintex.com\/colcintex\/wp-content\/uploads\/2025\/05\/imagen_hero-768x768.png 768w, https:\/\/colcintex.com\/colcintex\/wp-content\/uploads\/2025\/05\/imagen_hero-600x600.png 600w, https:\/\/colcintex.com\/colcintex\/wp-content\/uploads\/2025\/05\/imagen_hero-100x100.png 100w\" sizes=\"(max-width: 1024px) 100vw, 1024px\" \/>\t\t\t\t\t\t\t\t\t\t\t\t\t\t\t<\/div>\n\t\t\t\t<\/div>\n\t\t\t\t\t<\/div>\n\t\t\t\t<\/div>\n\t\t\t\t<\/div>\n\t\t","protected":false},"excerpt":{"rendered":"<p>Conoce nuestras hermosas cintas decorativas Comprar ahora \u00bfComprar al detal o al por mayor? Antes de realizar tu compra, aseg\u00farate de estar en el cat\u00e1logo correcto.As\u00ed evitamos confusiones y te aseguras de recibir los mejores descuentos para ti. \u00bfEres mayorista o tienda? Catalogo para mayoristas, compras superiores a $1.00.000 COP Ir al c\u00e1talogo Solo compro [&hellip;]<\/p>\n","protected":false},"author":1,"featured_media":0,"parent":0,"menu_order":0,"comment_status":"closed","ping_status":"closed","template":"","meta":{"footnotes":""},"class_list":["post-7737","page","type-page","status-publish","hentry"],"blocksy_meta":{"has_hero_section":"disabled","styles_descriptor":{"styles":{"desktop":"","tablet":"","mobile":""},"google_fonts":[],"version":6},"vertical_spacing_source":"custom","content_area_spacing":"none"},"yoast_head":"<!-- This site is optimized with the Yoast SEO plugin v27.4 - https:\/\/yoast.com\/product\/yoast-seo-wordpress\/ -->\n<title>Home - Colcintex<\/title>\n<meta name=\"robots\" content=\"index, follow, max-snippet:-1, max-image-preview:large, max-video-preview:-1\" \/>\n<link rel=\"canonical\" href=\"https:\/\/colcintex.com\/colcintex\/\" \/>\n<meta property=\"og:locale\" content=\"es_MX\" \/>\n<meta property=\"og:type\" content=\"article\" \/>\n<meta property=\"og:title\" content=\"Home - Colcintex\" \/>\n<meta property=\"og:description\" content=\"Conoce nuestras hermosas cintas decorativas Comprar ahora \u00bfComprar al detal o al por mayor? Antes de realizar tu compra, aseg\u00farate de estar en el cat\u00e1logo correcto.As\u00ed evitamos confusiones y te aseguras de recibir los mejores descuentos para ti. \u00bfEres mayorista o tienda? Catalogo para mayoristas, compras superiores a $1.00.000 COP Ir al c\u00e1talogo Solo compro [&hellip;]\" \/>\n<meta property=\"og:url\" content=\"https:\/\/colcintex.com\/colcintex\/\" \/>\n<meta property=\"og:site_name\" content=\"Colcintex\" \/>\n<meta property=\"article:publisher\" content=\"https:\/\/www.facebook.com\/Colcintex-109010394180842\" \/>\n<meta property=\"article:modified_time\" content=\"2025-05-23T16:44:44+00:00\" \/>\n<meta property=\"og:image\" content=\"https:\/\/colcintex.com\/colcintex\/wp-content\/uploads\/2025\/05\/hero_colcintex.png\" \/>\n\t<meta property=\"og:image:width\" content=\"527\" \/>\n\t<meta property=\"og:image:height\" content=\"410\" \/>\n\t<meta property=\"og:image:type\" content=\"image\/png\" \/>\n<meta name=\"twitter:card\" content=\"summary_large_image\" \/>\n<meta name=\"twitter:label1\" content=\"Tiempo de lectura\" \/>\n\t<meta name=\"twitter:data1\" content=\"1 minuto\" \/>\n<script type=\"application\/ld+json\" class=\"yoast-schema-graph\">{\"@context\":\"https:\\\/\\\/schema.org\",\"@graph\":[{\"@type\":\"WebPage\",\"@id\":\"https:\\\/\\\/colcintex.com\\\/colcintex\\\/\",\"url\":\"https:\\\/\\\/colcintex.com\\\/colcintex\\\/\",\"name\":\"Home - Colcintex\",\"isPartOf\":{\"@id\":\"https:\\\/\\\/colcintex.com\\\/colcintex\\\/#website\"},\"primaryImageOfPage\":{\"@id\":\"https:\\\/\\\/colcintex.com\\\/colcintex\\\/#primaryimage\"},\"image\":{\"@id\":\"https:\\\/\\\/colcintex.com\\\/colcintex\\\/#primaryimage\"},\"thumbnailUrl\":\"https:\\\/\\\/colcintex.com\\\/colcintex\\\/wp-content\\\/uploads\\\/2025\\\/05\\\/hero_colcintex.png\",\"datePublished\":\"2024-02-07T21:10:10+00:00\",\"dateModified\":\"2025-05-23T16:44:44+00:00\",\"breadcrumb\":{\"@id\":\"https:\\\/\\\/colcintex.com\\\/colcintex\\\/#breadcrumb\"},\"inLanguage\":\"es\",\"potentialAction\":[{\"@type\":\"ReadAction\",\"target\":[\"https:\\\/\\\/colcintex.com\\\/colcintex\\\/\"]}]},{\"@type\":\"ImageObject\",\"inLanguage\":\"es\",\"@id\":\"https:\\\/\\\/colcintex.com\\\/colcintex\\\/#primaryimage\",\"url\":\"https:\\\/\\\/colcintex.com\\\/colcintex\\\/wp-content\\\/uploads\\\/2025\\\/05\\\/hero_colcintex.png\",\"contentUrl\":\"https:\\\/\\\/colcintex.com\\\/colcintex\\\/wp-content\\\/uploads\\\/2025\\\/05\\\/hero_colcintex.png\",\"width\":527,\"height\":410},{\"@type\":\"BreadcrumbList\",\"@id\":\"https:\\\/\\\/colcintex.com\\\/colcintex\\\/#breadcrumb\",\"itemListElement\":[{\"@type\":\"ListItem\",\"position\":1,\"name\":\"Home\",\"item\":\"https:\\\/\\\/colcintex.com\\\/colcintex\\\/\"},{\"@type\":\"ListItem\",\"position\":2,\"name\":\"Home\"}]},{\"@type\":\"WebSite\",\"@id\":\"https:\\\/\\\/colcintex.com\\\/colcintex\\\/#website\",\"url\":\"https:\\\/\\\/colcintex.com\\\/colcintex\\\/\",\"name\":\"Colcintex\",\"description\":\"Cintas decorativas colcintex\",\"publisher\":{\"@id\":\"https:\\\/\\\/colcintex.com\\\/colcintex\\\/#organization\"},\"potentialAction\":[{\"@type\":\"SearchAction\",\"target\":{\"@type\":\"EntryPoint\",\"urlTemplate\":\"https:\\\/\\\/colcintex.com\\\/colcintex\\\/?s={search_term_string}\"},\"query-input\":{\"@type\":\"PropertyValueSpecification\",\"valueRequired\":true,\"valueName\":\"search_term_string\"}}],\"inLanguage\":\"es\"},{\"@type\":\"Organization\",\"@id\":\"https:\\\/\\\/colcintex.com\\\/colcintex\\\/#organization\",\"name\":\"Colcintex sas\",\"url\":\"https:\\\/\\\/colcintex.com\\\/colcintex\\\/\",\"logo\":{\"@type\":\"ImageObject\",\"inLanguage\":\"es\",\"@id\":\"https:\\\/\\\/colcintex.com\\\/colcintex\\\/#\\\/schema\\\/logo\\\/image\\\/\",\"url\":\"https:\\\/\\\/colcintex.com\\\/colcintex\\\/wp-content\\\/uploads\\\/2021\\\/04\\\/colcintex-01.jpg\",\"contentUrl\":\"https:\\\/\\\/colcintex.com\\\/colcintex\\\/wp-content\\\/uploads\\\/2021\\\/04\\\/colcintex-01.jpg\",\"width\":2350,\"height\":1219,\"caption\":\"Colcintex sas\"},\"image\":{\"@id\":\"https:\\\/\\\/colcintex.com\\\/colcintex\\\/#\\\/schema\\\/logo\\\/image\\\/\"},\"sameAs\":[\"https:\\\/\\\/www.facebook.com\\\/Colcintex-109010394180842\",\"https:\\\/\\\/www.instagram.com\\\/colcintex\\\/?hl=es-la\"]}]}<\/script>\n<!-- \/ Yoast SEO plugin. -->","yoast_head_json":{"title":"Home - Colcintex","robots":{"index":"index","follow":"follow","max-snippet":"max-snippet:-1","max-image-preview":"max-image-preview:large","max-video-preview":"max-video-preview:-1"},"canonical":"https:\/\/colcintex.com\/colcintex\/","og_locale":"es_MX","og_type":"article","og_title":"Home - Colcintex","og_description":"Conoce nuestras hermosas cintas decorativas Comprar ahora \u00bfComprar al detal o al por mayor? Antes de realizar tu compra, aseg\u00farate de estar en el cat\u00e1logo correcto.As\u00ed evitamos confusiones y te aseguras de recibir los mejores descuentos para ti. \u00bfEres mayorista o tienda? Catalogo para mayoristas, compras superiores a $1.00.000 COP Ir al c\u00e1talogo Solo compro [&hellip;]","og_url":"https:\/\/colcintex.com\/colcintex\/","og_site_name":"Colcintex","article_publisher":"https:\/\/www.facebook.com\/Colcintex-109010394180842","article_modified_time":"2025-05-23T16:44:44+00:00","og_image":[{"width":527,"height":410,"url":"https:\/\/colcintex.com\/colcintex\/wp-content\/uploads\/2025\/05\/hero_colcintex.png","type":"image\/png"}],"twitter_card":"summary_large_image","twitter_misc":{"Tiempo de lectura":"1 minuto"},"schema":{"@context":"https:\/\/schema.org","@graph":[{"@type":"WebPage","@id":"https:\/\/colcintex.com\/colcintex\/","url":"https:\/\/colcintex.com\/colcintex\/","name":"Home - Colcintex","isPartOf":{"@id":"https:\/\/colcintex.com\/colcintex\/#website"},"primaryImageOfPage":{"@id":"https:\/\/colcintex.com\/colcintex\/#primaryimage"},"image":{"@id":"https:\/\/colcintex.com\/colcintex\/#primaryimage"},"thumbnailUrl":"https:\/\/colcintex.com\/colcintex\/wp-content\/uploads\/2025\/05\/hero_colcintex.png","datePublished":"2024-02-07T21:10:10+00:00","dateModified":"2025-05-23T16:44:44+00:00","breadcrumb":{"@id":"https:\/\/colcintex.com\/colcintex\/#breadcrumb"},"inLanguage":"es","potentialAction":[{"@type":"ReadAction","target":["https:\/\/colcintex.com\/colcintex\/"]}]},{"@type":"ImageObject","inLanguage":"es","@id":"https:\/\/colcintex.com\/colcintex\/#primaryimage","url":"https:\/\/colcintex.com\/colcintex\/wp-content\/uploads\/2025\/05\/hero_colcintex.png","contentUrl":"https:\/\/colcintex.com\/colcintex\/wp-content\/uploads\/2025\/05\/hero_colcintex.png","width":527,"height":410},{"@type":"BreadcrumbList","@id":"https:\/\/colcintex.com\/colcintex\/#breadcrumb","itemListElement":[{"@type":"ListItem","position":1,"name":"Home","item":"https:\/\/colcintex.com\/colcintex\/"},{"@type":"ListItem","position":2,"name":"Home"}]},{"@type":"WebSite","@id":"https:\/\/colcintex.com\/colcintex\/#website","url":"https:\/\/colcintex.com\/colcintex\/","name":"Colcintex","description":"Cintas decorativas colcintex","publisher":{"@id":"https:\/\/colcintex.com\/colcintex\/#organization"},"potentialAction":[{"@type":"SearchAction","target":{"@type":"EntryPoint","urlTemplate":"https:\/\/colcintex.com\/colcintex\/?s={search_term_string}"},"query-input":{"@type":"PropertyValueSpecification","valueRequired":true,"valueName":"search_term_string"}}],"inLanguage":"es"},{"@type":"Organization","@id":"https:\/\/colcintex.com\/colcintex\/#organization","name":"Colcintex sas","url":"https:\/\/colcintex.com\/colcintex\/","logo":{"@type":"ImageObject","inLanguage":"es","@id":"https:\/\/colcintex.com\/colcintex\/#\/schema\/logo\/image\/","url":"https:\/\/colcintex.com\/colcintex\/wp-content\/uploads\/2021\/04\/colcintex-01.jpg","contentUrl":"https:\/\/colcintex.com\/colcintex\/wp-content\/uploads\/2021\/04\/colcintex-01.jpg","width":2350,"height":1219,"caption":"Colcintex sas"},"image":{"@id":"https:\/\/colcintex.com\/colcintex\/#\/schema\/logo\/image\/"},"sameAs":["https:\/\/www.facebook.com\/Colcintex-109010394180842","https:\/\/www.instagram.com\/colcintex\/?hl=es-la"]}]}},"_links":{"self":[{"href":"https:\/\/colcintex.com\/colcintex\/wp-json\/wp\/v2\/pages\/7737","targetHints":{"allow":["GET"]}}],"collection":[{"href":"https:\/\/colcintex.com\/colcintex\/wp-json\/wp\/v2\/pages"}],"about":[{"href":"https:\/\/colcintex.com\/colcintex\/wp-json\/wp\/v2\/types\/page"}],"author":[{"embeddable":true,"href":"https:\/\/colcintex.com\/colcintex\/wp-json\/wp\/v2\/users\/1"}],"replies":[{"embeddable":true,"href":"https:\/\/colcintex.com\/colcintex\/wp-json\/wp\/v2\/comments?post=7737"}],"version-history":[{"count":99,"href":"https:\/\/colcintex.com\/colcintex\/wp-json\/wp\/v2\/pages\/7737\/revisions"}],"predecessor-version":[{"id":7933,"href":"https:\/\/colcintex.com\/colcintex\/wp-json\/wp\/v2\/pages\/7737\/revisions\/7933"}],"wp:attachment":[{"href":"https:\/\/colcintex.com\/colcintex\/wp-json\/wp\/v2\/media?parent=7737"}],"curies":[{"name":"wp","href":"https:\/\/api.w.org\/{rel}","templated":true}]}}